{"id":2418,"date":"2018-11-28T13:54:19","date_gmt":"2018-11-28T12:54:19","guid":{"rendered":"https:\/\/maxmyperformance.nl\/?page_id=2418\/"},"modified":"2018-11-28T13:54:19","modified_gmt":"2018-11-28T12:54:19","slug":"la-mindfulness-plus","status":"publish","type":"page","link":"https:\/\/maxmyperformance.nl\/fr\/","title":{"rendered":"La mindfulness PLUS"},"content":{"rendered":"<p><strong><span style=\"color: #ff0000;\"><span style=\"color: #000000;\">Plus<\/span> de d\u00e9tente<\/span> dans votre vie <\/strong><\/p>\n<p><strong>Une <span style=\"color: #ff0000;\">meilleure concentration <\/span><\/strong><\/p>\n<p><strong>La <span style=\"color: #ff0000;\">r\u00e9duction<\/span> de drame par la gestion <span style=\"color: #ff0000;\">d\u2019\u00e9motions<\/span><\/strong><\/p>\n<h3><strong><span style=\"color: #800080;\">Une vie meilleure en dix minutes!<\/span><br \/>\n<\/strong><\/h3>\n<p>&nbsp;<\/p>\n<p><strong><span style=\"color: #ff0000;\">Comment est-ce possible?<\/span><\/strong><br \/>\nIl existe maintenant une nouvelle forme sp\u00e9ciale de gu\u00e9rison ou de relaxation profonde, originaire des zones de guerre et des camps de r\u00e9fugi\u00e9s d\u2019Afrique centrale:<\/p>\n<h3><strong><span style=\"color: #800080;\">La Mindfulness PLUS<\/span> (<\/strong><strong>ou PPD R\u00e9sonance)<\/strong><\/h3>\n<p>La Mindfulness Plus (PPD r\u00e9sonance) est bas\u00e9e sur des formes de gu\u00e9rison classiques telles que l&rsquo;hom\u00e9opathie et la pleine conscience (yoga) et ajoute quelque chose de typique du 21\u00e8me si\u00e8cle &#8211; d&rsquo;o\u00f9 le nom Mindfulness <span style=\"color: #ff0000;\">PLUS<\/span>!<\/p>\n<p><strong><span style=\"color: #ff0000;\">La gu\u00e9rison 2.0<\/span> &#8211; \u2013 pas de pilules, de poudres ou de gouttes, mais des <span style=\"color: #ff0000;\">mp3<\/span>!<\/strong><br \/>\nCes fichiers MP3 fonctionnent sur la partie la plus ancienne de notre cerveau: le cerveau reptilien (source de nos r\u00e9actions de stress).<\/p>\n<p>La science nous montre que <strong>le stress chronique<\/strong> est la cause de toutes les maladies (mentales et physiques), du comportement dysfonctionnel (d\u00e9pendances), de mauvaise performance et donc de toutes nos souffrances!<br \/>\nNous avons donc un besoin urgent d\u2019une m\u00e9thode qui s\u2019adresse \u00e0 la source de ces r\u00e9actions de stress.<br \/>\nNous l\u2019avons enfin trouv\u00e9\u00a0: PPD R\u00e9sonance<\/p>\n<div style=\"width: 625px;\" class=\"wp-video\"><!--[if lt IE 9]><script>document.createElement('video');<\/script><![endif]-->\n<video class=\"wp-video-shortcode\" id=\"video-2418-1\" width=\"625\" height=\"351\" preload=\"metadata\" controls=\"controls\"><source type=\"video\/mp4\" src=\"https:\/\/maxmyperformance.nl\/wp-content\/uploads\/2012\/10\/PR-challenge-ENG.mp4?_=1\" \/><a href=\"https:\/\/maxmyperformance.nl\/wp-content\/uploads\/2012\/10\/PR-challenge-ENG.mp4\">https:\/\/maxmyperformance.nl\/wp-content\/uploads\/2012\/10\/PR-challenge-ENG.mp4<\/a><\/video><\/div>\n<p>&nbsp;<\/p>\n<p><span style=\"color: #ff0000;\"><strong>Que font les PPDs MP3\u2019s<\/strong><\/span><br \/>\nLes fichiers PPD MP3 contiennent (dans les sons de la mer) des r\u00e9sonances int\u00e9gr\u00e9es, capables de calmer notre cerveau reptilien (hyperactif).<\/p>\n<p>Plus de repos donne beaucoup moins de comportement instinctif (fight, flight, freeze, food, sex) et donc moins d&rsquo;agressivit\u00e9, de drame, de maladie et de souffrance.<\/p>\n<p>Un cerveau reptilien calme est m\u00eame n\u00e9cessaire <strong>pour se lib\u00e9rer<\/strong> de:<\/p>\n<ol>\n<li><strong>Habitudes (non) conscientes<\/strong> (d\u00e9pendance, consommation excessive de nourriture et de boisson, etc.)<\/li>\n<li><strong>pens\u00e9es restrictives\/n\u00e9gatives<\/strong> (je ne suis pas assez bon, je suis incapable, ce n&rsquo;est pas possible)<\/li>\n<li><strong>\u00e9motions n\u00e9gatives<\/strong> (peur, panique, col\u00e8re, jalousie, d\u00e9pression, irritation, etc.)<\/li>\n<li><strong>stress<\/strong> mental et physique<\/li>\n<\/ol>\n<p>En m\u00eame temps, il existe des MP3 PPD qui renforcent les qualit\u00e9s int\u00e9rieures, comme par exemple la patience, la compassion, la clart\u00e9, l&rsquo;exp\u00e9rience du bonheur, la cr\u00e9ativit\u00e9, la vivacit\u00e9 d&rsquo;esprit et l&rsquo;amour.<\/p>\n<p><span style=\"color: #ff0000;\"><strong>R\u00e9sultats d&rsquo;\u00e9coute des PPD<\/strong><\/span><br \/>\nAu cours des derni\u00e8res ann\u00e9es, nous avons effectu\u00e9 de nombreuses exp\u00e9riences et recherches parmi les utilisateurs de r\u00e9sonance de PPD.<br \/>\nLes d\u00e9clarations suivantes donnent une impression de ce que ces milliers de personnes nous ont fait savoir:<\/p>\n<p><strong><em>J\u2019ai <span style=\"color: #800080;\">plus confiance<\/span><\/em><\/strong><br \/>\n<strong><em>Je suis devenu beaucoup <span style=\"color: #800080;\">plus calme<\/span> et je supporte beaucoup mieux le stress<\/em><\/strong><br \/>\n<strong><em>Apr\u00e8s une vie de panique, cela ne se produit plus!<\/em><\/strong><br \/>\n<strong><em>Je peux me <span style=\"color: #800080;\">concentrer beaucoup mieux<\/span> et je suis plus clair dans mes pens\u00e9es<\/em><\/strong><br \/>\n<strong><em>J&rsquo;\u00e9prouve <span style=\"color: #800080;\">plus d&rsquo;\u00e9nergie<\/span> et de flux dans ma vie<\/em><\/strong><br \/>\n<strong><em><span style=\"color: #800080;\">La relation<\/span> avec mes enfants et ma famille <span style=\"color: #800080;\">s&rsquo;est am\u00e9lior\u00e9e<\/span><\/em><\/strong><br \/>\n<strong><em>Je sais mieux ce que je veux de ma vie<\/em><\/strong><br \/>\n<strong><em>Pour me sentir bien, <span style=\"color: #800080;\">je n\u2019ai plus besoin d\u2019alcool ni de drogue<\/span><\/em><\/strong><br \/>\n<strong><em>Ma vie a pris un nouvel \u00e9lan<\/em><\/strong><br \/>\n<strong><em>Je <span style=\"color: #800080;\">dors beaucoup mieux<\/span> (et sans somnif\u00e8re!)<\/em><\/strong><\/p>\n<p>&nbsp;<\/p>\n<p><span style=\"color: #ff0000;\"><strong><a href=\"https:\/\/maxmyperformance.nl\/wp-content\/uploads\/2018\/02\/41444722_s.jpg\"><img loading=\"lazy\" decoding=\"async\" class=\"alignleft size-medium wp-image-2368\" src=\"https:\/\/maxmyperformance.nl\/wp-content\/uploads\/2018\/02\/41444722_s-300x225.jpg\" alt=\"\" width=\"300\" height=\"225\" srcset=\"https:\/\/maxmyperformance.nl\/wp-content\/uploads\/2018\/02\/41444722_s-300x225.jpg 300w, https:\/\/maxmyperformance.nl\/wp-content\/uploads\/2018\/02\/41444722_s.jpg 450w\" sizes=\"(max-width: 300px) 100vw, 300px\" \/><\/a>Est- ce que \u00e7a marche pour moi?<\/strong><\/span><br \/>\n<strong>Oui, bien s\u00fbr! <\/strong><\/p>\n<p>Il semble que nous avons une vie unique, mais au plus profond de notre cerveau (instinct), nous r\u00e9agissons tous de la m\u00eame mani\u00e8re face \u00e0 des situations mena\u00e7antes (se battre, fuir).<\/p>\n<p>&nbsp;<\/p>\n<p>Parce que l&rsquo;instinct d\u00e9termine tout notre comportement, les PPD apaisants assurent une large gamme de r\u00e9sultats.<\/p>\n<p>Nous avons re\u00e7u des r\u00e9actions positives de la part de personnes ayant toutes sortes de probl\u00e8mes, par exemple:<br \/>\n&#8211; trouble de stress post-traumatique<br \/>\n&#8211; \u00e9nergie excessive, hyperactivit\u00e9<br \/>\n&#8211; addictions<br \/>\n&#8211; troubl\u00e9 par un pass\u00e9 aga\u00e7ant (malheur, malmenage)<\/p>\n<p>Mais aussi des gens avec des probl\u00e8mes plus ordinaires tels que:<br \/>\n&#8211; agenda charg\u00e9 et pression sociale<br \/>\n&#8211; difficult\u00e9 \u00e0 dormir<br \/>\n&#8211; avoir \u00e0 performer (athl\u00e8tes, dirigeants, \u00e9tudiants<br \/>\n&#8211; phobies<\/p>\n<p><span style=\"color: #ff0000;\"><strong>Qu\u2019est qu\u2019il faut faire pour \u00e9couter des mp3 PPD?<\/strong><\/span><br \/>\nVous pouvez facilement d\u00e9couvrir ce que les PPD font pour vous:<\/p>\n<ol>\n<li>Demandez un fichier PPD GRATUIT (en haut \u00e0 droite de cette page) et commencez \u00e0 \u00e9couter imm\u00e9diatement.<\/li>\n<li>Ou choisissez votre propre programme PPD<\/li>\n<\/ol>\n<a href='https:\/\/maxmyperformance.nl\/en\/buy\/' class='big-button bigblue' target=\"_blank\"><span>ma propre s\u00e9rie PPD Mindfulness PLUS<\/span><\/a>\n<p>&nbsp;<\/p>\n<p>&nbsp;<\/p>\n<p><span style=\"color: #ff0000;\"><strong>La charit\u00e9<\/strong><\/span><br \/>\nLa r\u00e9sonance PPD est n\u00e9e du travail de personnes qui cherchaient \u00e0 mettre fin aux maladies end\u00e9miques (paludisme, sida, tuberculose, etc.) et aux traumatismes de guerre.<\/p>\n<p>Et c&rsquo;est toujours notre objectif. Les travaux de la fondation <a href=\"http:\/\/www.arhf.nl\/fr\/accueil\/\" target=\"_blank\" rel=\"noopener\">ARHF<\/a> sont cofinanc\u00e9s, entre autres, par le rendement de la r\u00e9sonance PPD.<\/p>\n<p>Cette fondation de b\u00e9n\u00e9voles soutient des personnes qui vivent dans des conditions tr\u00e8s difficiles. Et c\u2019est gratuit bien sur\u00a0!<\/p>\n<p><span style=\"color: #ff0000;\"><strong>Puis-je utiliser la r\u00e9sonance PPD dans mon organisation?<\/strong><\/span><br \/>\nBien sur, les PPD travaillent \u00e9galement dans le domaine de la \u00abperformance\u00bb et r\u00e9duction du stress au travail.<br \/>\nIl existe m\u00eame des programmes sp\u00e9ciaux (The Challenge ou #Hack your Stress Bootcamp) pour les groupes au sein d&rsquo;organisations.<\/p>\n<p>Si vous voulez en savoir plus \u00e0 ce sujet, faites-le nous savoir via <a href=\"https:\/\/maxmyperformance.nl\/en\/contact\/\" target=\"_blank\" rel=\"noopener\">ce lien<\/a>.<\/p>\n<p>Si vous souhaitez plus d&rsquo;informations, faites-le nous savoir via le lien ci-dessous.<\/p>\n<p>&nbsp;<\/p>\n<p>&nbsp;<\/p>\n<a class=\"synved-social-button synved-social-button-share synved-social-size-24 synved-social-resolution-single synved-social-provider-facebook nolightbox\" data-provider=\"facebook\" target=\"_blank\" rel=\"nofollow\" title=\"Share on Facebook\" href=\"https:\/\/www.facebook.com\/sharer.php?u=https%3A%2F%2Fmaxmyperformance.nl%2Ffr%2Fwp-json%2Fwp%2Fv2%2Fpages%2F2418%2F&#038;t=La%20mindfulness%20PLUS&#038;s=100&#038;p&#091;url&#093;=https%3A%2F%2Fmaxmyperformance.nl%2Ffr%2Fwp-json%2Fwp%2Fv2%2Fpages%2F2418%2F&#038;p&#091;images&#093;&#091;0&#093;=https%3A%2F%2Fmaxmyperformance.nl%2Fwp-content%2Fuploads%2F2018%2F02%2F41444722_s-300x225.jpg&#038;p&#091;title&#093;=La%20mindfulness%20PLUS\" style=\"font-size: 0px;width:24px;height:24px;margin:0;margin-bottom:5px;margin-right:5px\"><img loading=\"lazy\" decoding=\"async\" alt=\"Facebook\" title=\"Share on Facebook\" class=\"synved-share-image synved-social-image synved-social-image-share\" width=\"24\" height=\"24\" style=\"display: inline;width:24px;height:24px;margin: 0;padding: 0;border: none;box-shadow: none\" src=\"https:\/\/maxmyperformance.nl\/wp-content\/plugins\/social-media-feather\/synved-social\/image\/social\/regular\/48x48\/facebook.png\" \/><\/a><a class=\"synved-social-button synved-social-button-share synved-social-size-24 synved-social-resolution-single synved-social-provider-twitter nolightbox\" data-provider=\"twitter\" target=\"_blank\" rel=\"nofollow\" title=\"Share on Twitter\" href=\"https:\/\/twitter.com\/intent\/tweet?url=https%3A%2F%2Fmaxmyperformance.nl%2Ffr%2Fwp-json%2Fwp%2Fv2%2Fpages%2F2418%2F&#038;text=Hey%20check%20this%20out\" style=\"font-size: 0px;width:24px;height:24px;margin:0;margin-bottom:5px;margin-right:5px\"><img loading=\"lazy\" decoding=\"async\" alt=\"twitter\" title=\"Share on Twitter\" class=\"synved-share-image synved-social-image synved-social-image-share\" width=\"24\" height=\"24\" style=\"display: inline;width:24px;height:24px;margin: 0;padding: 0;border: none;box-shadow: none\" src=\"https:\/\/maxmyperformance.nl\/wp-content\/plugins\/social-media-feather\/synved-social\/image\/social\/regular\/48x48\/twitter.png\" \/><\/a><a class=\"synved-social-button synved-social-button-share synved-social-size-24 synved-social-resolution-single synved-social-provider-reddit nolightbox\" data-provider=\"reddit\" target=\"_blank\" rel=\"nofollow\" title=\"Share on Reddit\" href=\"https:\/\/www.reddit.com\/submit?url=https%3A%2F%2Fmaxmyperformance.nl%2Ffr%2Fwp-json%2Fwp%2Fv2%2Fpages%2F2418%2F&#038;title=La%20mindfulness%20PLUS\" style=\"font-size: 0px;width:24px;height:24px;margin:0;margin-bottom:5px;margin-right:5px\"><img loading=\"lazy\" decoding=\"async\" alt=\"reddit\" title=\"Share on Reddit\" class=\"synved-share-image synved-social-image synved-social-image-share\" width=\"24\" height=\"24\" style=\"display: inline;width:24px;height:24px;margin: 0;padding: 0;border: none;box-shadow: none\" src=\"https:\/\/maxmyperformance.nl\/wp-content\/plugins\/social-media-feather\/synved-social\/image\/social\/regular\/48x48\/reddit.png\" \/><\/a><a class=\"synved-social-button synved-social-button-share synved-social-size-24 synved-social-resolution-single synved-social-provider-pinterest nolightbox\" data-provider=\"pinterest\" target=\"_blank\" rel=\"nofollow\" title=\"Pin it with Pinterest\" href=\"https:\/\/pinterest.com\/pin\/create\/button\/?url=https%3A%2F%2Fmaxmyperformance.nl%2Ffr%2Fwp-json%2Fwp%2Fv2%2Fpages%2F2418%2F&#038;media=https%3A%2F%2Fmaxmyperformance.nl%2Fwp-content%2Fuploads%2F2018%2F02%2F41444722_s-300x225.jpg&#038;description=La%20mindfulness%20PLUS\" style=\"font-size: 0px;width:24px;height:24px;margin:0;margin-bottom:5px;margin-right:5px\"><img loading=\"lazy\" decoding=\"async\" alt=\"pinterest\" title=\"Pin it with Pinterest\" class=\"synved-share-image synved-social-image synved-social-image-share\" width=\"24\" height=\"24\" style=\"display: inline;width:24px;height:24px;margin: 0;padding: 0;border: none;box-shadow: none\" src=\"https:\/\/maxmyperformance.nl\/wp-content\/plugins\/social-media-feather\/synved-social\/image\/social\/regular\/48x48\/pinterest.png\" \/><\/a><a class=\"synved-social-button synved-social-button-share synved-social-size-24 synved-social-resolution-single synved-social-provider-linkedin nolightbox\" data-provider=\"linkedin\" target=\"_blank\" rel=\"nofollow\" title=\"Share on Linkedin\" href=\"https:\/\/www.linkedin.com\/shareArticle?mini=true&#038;url=https%3A%2F%2Fmaxmyperformance.nl%2Ffr%2Fwp-json%2Fwp%2Fv2%2Fpages%2F2418%2F&#038;title=La%20mindfulness%20PLUS\" style=\"font-size: 0px;width:24px;height:24px;margin:0;margin-bottom:5px;margin-right:5px\"><img loading=\"lazy\" decoding=\"async\" alt=\"linkedin\" title=\"Share on Linkedin\" class=\"synved-share-image synved-social-image synved-social-image-share\" width=\"24\" height=\"24\" style=\"display: inline;width:24px;height:24px;margin: 0;padding: 0;border: none;box-shadow: none\" src=\"https:\/\/maxmyperformance.nl\/wp-content\/plugins\/social-media-feather\/synved-social\/image\/social\/regular\/48x48\/linkedin.png\" \/><\/a><a class=\"synved-social-button synved-social-button-share synved-social-size-24 synved-social-resolution-single synved-social-provider-mail nolightbox\" data-provider=\"mail\" rel=\"nofollow\" title=\"Share by email\" href=\"mailto:?subject=La%20mindfulness%20PLUS&#038;body=Hey%20check%20this%20out:%20https%3A%2F%2Fmaxmyperformance.nl%2Ffr%2Fwp-json%2Fwp%2Fv2%2Fpages%2F2418%2F\" style=\"font-size: 0px;width:24px;height:24px;margin:0;margin-bottom:5px\"><img loading=\"lazy\" decoding=\"async\" alt=\"mail\" title=\"Share by email\" class=\"synved-share-image synved-social-image synved-social-image-share\" width=\"24\" height=\"24\" style=\"display: inline;width:24px;height:24px;margin: 0;padding: 0;border: none;box-shadow: none\" src=\"https:\/\/maxmyperformance.nl\/wp-content\/plugins\/social-media-feather\/synved-social\/image\/social\/regular\/48x48\/mail.png\" \/><\/a>","protected":false},"excerpt":{"rendered":"<p>Plus de d\u00e9tente dans votre vie Une meilleure concentration La r\u00e9duction de drame par la gestion d\u2019\u00e9motions Une vie meilleure en dix minutes! &nbsp; Comment est-ce possible? Il existe maintenant une nouvelle forme sp\u00e9ciale de gu\u00e9rison ou de relaxation profonde, originaire des zones de guerre et des camps de r\u00e9fugi\u00e9s d\u2019Afrique centrale: La Mindfulness PLUS [&hellip;]<\/p>\n","protected":false},"author":3,"featured_media":0,"parent":0,"menu_order":0,"comment_status":"closed","ping_status":"closed","template":"","meta":{"_monsterinsights_skip_tracking":false,"_monsterinsights_sitenote_active":false,"_monsterinsights_sitenote_note":"","_monsterinsights_sitenote_category":0,"footnotes":""},"class_list":["post-2418","page","type-page","status-publish","hentry"],"yoast_head":"<!-- This site is optimized with the Yoast SEO plugin v24.3 - https:\/\/yoast.com\/wordpress\/plugins\/seo\/ -->\n<title>La mindfulness PLUS - Max My Performance<\/title>\n<meta name=\"robots\" content=\"index, follow, max-snippet:-1, max-image-preview:large, max-video-preview:-1\" \/>\n<link rel=\"canonical\" href=\"https:\/\/maxmyperformance.nl\/fr\/\" \/>\n<meta property=\"og:locale\" content=\"fr_FR\" \/>\n<meta property=\"og:type\" content=\"article\" \/>\n<meta property=\"og:title\" content=\"La mindfulness PLUS - Max My Performance\" \/>\n<meta property=\"og:description\" content=\"Plus de d\u00e9tente dans votre vie Une meilleure concentration La r\u00e9duction de drame par la gestion d\u2019\u00e9motions Une vie meilleure en dix minutes! &nbsp; Comment est-ce possible? Il existe maintenant une nouvelle forme sp\u00e9ciale de gu\u00e9rison ou de relaxation profonde, originaire des zones de guerre et des camps de r\u00e9fugi\u00e9s d\u2019Afrique centrale: La Mindfulness PLUS [&hellip;]\" \/>\n<meta property=\"og:url\" content=\"https:\/\/maxmyperformance.nl\/fr\/\" \/>\n<meta property=\"og:site_name\" content=\"Max My Performance\" \/>\n<meta property=\"og:image\" content=\"https:\/\/maxmyperformance.nl\/wp-content\/uploads\/2018\/02\/41444722_s-300x225.jpg\" \/>\n<meta name=\"twitter:label1\" content=\"Dur\u00e9e de lecture estim\u00e9e\" \/>\n\t<meta name=\"twitter:data1\" content=\"4 minutes\" \/>\n<script type=\"application\/ld+json\" class=\"yoast-schema-graph\">{\"@context\":\"https:\/\/schema.org\",\"@graph\":[{\"@type\":\"WebPage\",\"@id\":\"https:\/\/maxmyperformance.nl\/fr\/\",\"url\":\"https:\/\/maxmyperformance.nl\/fr\/\",\"name\":\"La mindfulness PLUS - Max My Performance\",\"isPartOf\":{\"@id\":\"https:\/\/maxmyperformance.nl\/#website\"},\"primaryImageOfPage\":{\"@id\":\"https:\/\/maxmyperformance.nl\/fr\/#primaryimage\"},\"image\":{\"@id\":\"https:\/\/maxmyperformance.nl\/fr\/#primaryimage\"},\"thumbnailUrl\":\"https:\/\/maxmyperformance.nl\/wp-content\/uploads\/2018\/02\/41444722_s-300x225.jpg\",\"datePublished\":\"2018-11-28T12:54:19+00:00\",\"dateModified\":\"2018-11-28T12:54:19+00:00\",\"breadcrumb\":{\"@id\":\"https:\/\/maxmyperformance.nl\/fr\/#breadcrumb\"},\"inLanguage\":\"fr-FR\",\"potentialAction\":[{\"@type\":\"ReadAction\",\"target\":[\"https:\/\/maxmyperformance.nl\/fr\/\"]}]},{\"@type\":\"ImageObject\",\"inLanguage\":\"fr-FR\",\"@id\":\"https:\/\/maxmyperformance.nl\/fr\/#primaryimage\",\"url\":\"https:\/\/maxmyperformance.nl\/wp-content\/uploads\/2018\/02\/41444722_s-300x225.jpg\",\"contentUrl\":\"https:\/\/maxmyperformance.nl\/wp-content\/uploads\/2018\/02\/41444722_s-300x225.jpg\"},{\"@type\":\"BreadcrumbList\",\"@id\":\"https:\/\/maxmyperformance.nl\/fr\/#breadcrumb\",\"itemListElement\":[{\"@type\":\"ListItem\",\"position\":1,\"name\":\"Home\",\"item\":\"https:\/\/maxmyperformance.nl\/fr\/\"},{\"@type\":\"ListItem\",\"position\":2,\"name\":\"La mindfulness PLUS\"}]},{\"@type\":\"WebSite\",\"@id\":\"https:\/\/maxmyperformance.nl\/#website\",\"url\":\"https:\/\/maxmyperformance.nl\/\",\"name\":\"Max My Performance\",\"description\":\"RELAX - like MONKS do\",\"potentialAction\":[{\"@type\":\"SearchAction\",\"target\":{\"@type\":\"EntryPoint\",\"urlTemplate\":\"https:\/\/maxmyperformance.nl\/?s={search_term_string}\"},\"query-input\":{\"@type\":\"PropertyValueSpecification\",\"valueRequired\":true,\"valueName\":\"search_term_string\"}}],\"inLanguage\":\"fr-FR\"}]}<\/script>\n<!-- \/ Yoast SEO plugin. -->","yoast_head_json":{"title":"La mindfulness PLUS - Max My Performance","robots":{"index":"index","follow":"follow","max-snippet":"max-snippet:-1","max-image-preview":"max-image-preview:large","max-video-preview":"max-video-preview:-1"},"canonical":"https:\/\/maxmyperformance.nl\/fr\/","og_locale":"fr_FR","og_type":"article","og_title":"La mindfulness PLUS - Max My Performance","og_description":"Plus de d\u00e9tente dans votre vie Une meilleure concentration La r\u00e9duction de drame par la gestion d\u2019\u00e9motions Une vie meilleure en dix minutes! &nbsp; Comment est-ce possible? Il existe maintenant une nouvelle forme sp\u00e9ciale de gu\u00e9rison ou de relaxation profonde, originaire des zones de guerre et des camps de r\u00e9fugi\u00e9s d\u2019Afrique centrale: La Mindfulness PLUS [&hellip;]","og_url":"https:\/\/maxmyperformance.nl\/fr\/","og_site_name":"Max My Performance","og_image":[{"url":"https:\/\/maxmyperformance.nl\/wp-content\/uploads\/2018\/02\/41444722_s-300x225.jpg","type":"","width":"","height":""}],"twitter_misc":{"Dur\u00e9e de lecture estim\u00e9e":"4 minutes"},"schema":{"@context":"https:\/\/schema.org","@graph":[{"@type":"WebPage","@id":"https:\/\/maxmyperformance.nl\/fr\/","url":"https:\/\/maxmyperformance.nl\/fr\/","name":"La mindfulness PLUS - Max My Performance","isPartOf":{"@id":"https:\/\/maxmyperformance.nl\/#website"},"primaryImageOfPage":{"@id":"https:\/\/maxmyperformance.nl\/fr\/#primaryimage"},"image":{"@id":"https:\/\/maxmyperformance.nl\/fr\/#primaryimage"},"thumbnailUrl":"https:\/\/maxmyperformance.nl\/wp-content\/uploads\/2018\/02\/41444722_s-300x225.jpg","datePublished":"2018-11-28T12:54:19+00:00","dateModified":"2018-11-28T12:54:19+00:00","breadcrumb":{"@id":"https:\/\/maxmyperformance.nl\/fr\/#breadcrumb"},"inLanguage":"fr-FR","potentialAction":[{"@type":"ReadAction","target":["https:\/\/maxmyperformance.nl\/fr\/"]}]},{"@type":"ImageObject","inLanguage":"fr-FR","@id":"https:\/\/maxmyperformance.nl\/fr\/#primaryimage","url":"https:\/\/maxmyperformance.nl\/wp-content\/uploads\/2018\/02\/41444722_s-300x225.jpg","contentUrl":"https:\/\/maxmyperformance.nl\/wp-content\/uploads\/2018\/02\/41444722_s-300x225.jpg"},{"@type":"BreadcrumbList","@id":"https:\/\/maxmyperformance.nl\/fr\/#breadcrumb","itemListElement":[{"@type":"ListItem","position":1,"name":"Home","item":"https:\/\/maxmyperformance.nl\/fr\/"},{"@type":"ListItem","position":2,"name":"La mindfulness PLUS"}]},{"@type":"WebSite","@id":"https:\/\/maxmyperformance.nl\/#website","url":"https:\/\/maxmyperformance.nl\/","name":"Max My Performance","description":"RELAX - like MONKS do","potentialAction":[{"@type":"SearchAction","target":{"@type":"EntryPoint","urlTemplate":"https:\/\/maxmyperformance.nl\/?s={search_term_string}"},"query-input":{"@type":"PropertyValueSpecification","valueRequired":true,"valueName":"search_term_string"}}],"inLanguage":"fr-FR"}]}},"_links":{"self":[{"href":"https:\/\/maxmyperformance.nl\/fr\/wp-json\/wp\/v2\/pages\/2418"}],"collection":[{"href":"https:\/\/maxmyperformance.nl\/fr\/wp-json\/wp\/v2\/pages"}],"about":[{"href":"https:\/\/maxmyperformance.nl\/fr\/wp-json\/wp\/v2\/types\/page"}],"author":[{"embeddable":true,"href":"https:\/\/maxmyperformance.nl\/fr\/wp-json\/wp\/v2\/users\/3"}],"replies":[{"embeddable":true,"href":"https:\/\/maxmyperformance.nl\/fr\/wp-json\/wp\/v2\/comments?post=2418"}],"version-history":[{"count":4,"href":"https:\/\/maxmyperformance.nl\/fr\/wp-json\/wp\/v2\/pages\/2418\/revisions"}],"predecessor-version":[{"id":2424,"href":"https:\/\/maxmyperformance.nl\/fr\/wp-json\/wp\/v2\/pages\/2418\/revisions\/2424"}],"wp:attachment":[{"href":"https:\/\/maxmyperformance.nl\/fr\/wp-json\/wp\/v2\/media?parent=2418"}],"curies":[{"name":"wp","href":"https:\/\/api.w.org\/{rel}","templated":true}]}}